{"id":92,"date":"2020-10-20T01:05:17","date_gmt":"2020-10-19T23:05:17","guid":{"rendered":"https:\/\/rafalemarseille.com\/produit\/bonnet-rafale-classic-1996-brode\/"},"modified":"2020-10-20T01:05:17","modified_gmt":"2020-10-19T23:05:17","slug":"bonnet-rafale-classic-1996-brode","status":"publish","type":"product","link":"https:\/\/rafalemarseille.com\/index.php\/produit\/bonnet-rafale-classic-1996-brode\/","title":{"rendered":"Bonnet RAFALE Classic 1996 brod\u00e9"},"content":{"rendered":"<p>Le bonnet parfait est arriv\u00e9 ! Cette beaut\u00e9 brod\u00e9e a une coupe ajust\u00e9e qui vous garantit une sensation de chaleur, peu importe ce que vous faites.<\/p>\n<p>\u2022 60 % coton, 40 % acrylique<br \/>\n\u2022 M\u00e9lange de coton respirant<br \/>\n\u2022 Forme ajust\u00e9e<br \/>\n\u2022 Taille unique<\/p>\n","protected":false},"excerpt":{"rendered":"<p>Bonnet RAFALE Marseille Classic 1996 brod\u00e9<\/p>\n","protected":false},"featured_media":93,"comment_status":"closed","ping_status":"closed","template":"","meta":[],"product_brand":[],"product_cat":[23],"product_tag":[20,28,32],"class_list":{"0":"post-92","1":"product","2":"type-product","3":"status-publish","4":"has-post-thumbnail","6":"product_cat-classics","7":"product_tag-bonnet","8":"product_tag-marseille","9":"product_tag-rafale-marseille","11":"first","12":"instock","13":"shipping-taxable","14":"purchasable","15":"product-type-simple"},"_links":{"self":[{"href":"https:\/\/rafalemarseille.com\/index.php\/wp-json\/wp\/v2\/product\/92","targetHints":{"allow":["GET"]}}],"collection":[{"href":"https:\/\/rafalemarseille.com\/index.php\/wp-json\/wp\/v2\/product"}],"about":[{"href":"https:\/\/rafalemarseille.com\/index.php\/wp-json\/wp\/v2\/types\/product"}],"replies":[{"embeddable":true,"href":"https:\/\/rafalemarseille.com\/index.php\/wp-json\/wp\/v2\/comments?post=92"}],"wp:featuredmedia":[{"embeddable":true,"href":"https:\/\/rafalemarseille.com\/index.php\/wp-json\/wp\/v2\/media\/93"}],"wp:attachment":[{"href":"https:\/\/rafalemarseille.com\/index.php\/wp-json\/wp\/v2\/media?parent=92"}],"wp:term":[{"taxonomy":"product_brand","embeddable":true,"href":"https:\/\/rafalemarseille.com\/index.php\/wp-json\/wp\/v2\/product_brand?post=92"},{"taxonomy":"product_cat","embeddable":true,"href":"https:\/\/rafalemarseille.com\/index.php\/wp-json\/wp\/v2\/product_cat?post=92"},{"taxonomy":"product_tag","embeddable":true,"href":"https:\/\/rafalemarseille.com\/index.php\/wp-json\/wp\/v2\/product_tag?post=92"}],"curies":[{"name":"wp","href":"https:\/\/api.w.org\/{rel}","templated":true}]}}