{"id":47,"date":"2020-10-09T17:59:02","date_gmt":"2020-10-09T15:59:02","guid":{"rendered":"http:\/\/rafalemarseille.com\/produit\/t-shirt-rafale-marseille-city\/"},"modified":"2025-10-11T13:58:19","modified_gmt":"2025-10-11T13:58:19","slug":"t-shirt-rafale-marseille-city-logo","status":"publish","type":"product","link":"https:\/\/rafalemarseille.com\/index.php\/produit\/t-shirt-rafale-marseille-city-logo\/","title":{"rendered":"T-shirt RAFALE Marseille City Unisex"},"content":{"rendered":"<p>Le t-shirt Bella + Canvas 3001 est doux et l\u00e9ger, avec juste ce qu&rsquo;il faut d&rsquo;\u00e9lasticit\u00e9. Il est confortable et la coupe unisexe est flatteuse pour les hommes comme pour les femmes. On ne saurait trop le complimenter, c&rsquo;est l&rsquo;un des favoris de notre public. Et il sera certainement votre prochain favori !<\/p>\n<p>\u2022 100 % coton peign\u00e9 et fil\u00e9 \u00e0 l&rsquo;anneau<br \/>\n\u2022 La couleur gris cendr\u00e9 (Ash) contient 99 % de coton peign\u00e9 et fil\u00e9 en anneau et 1 % de polyester<br \/>\n\u2022 Les couleurs chin\u00e9es contiennent 52 % de coton peign\u00e9 et fil\u00e9 \u00e0 l&rsquo;anneau et 48 % de polyester<br \/>\n\u2022 Les couleurs gris (Athletic) et noir (Black Heather) contiennent 90 % de coton peign\u00e9 et fil\u00e9 en anneau et 10 % polyester<br \/>\n\u2022 Les couleurs Heather Prism contiennent 99 % de coton peign\u00e9 et fil\u00e9 en anneau et 1 % de polyester<br \/>\n\u2022 Poids du tissu : 142 g\/m\u00b2 (4,2 oz\/y\u00b2)<br \/>\n\u2022 Tissu pr\u00e9-r\u00e9tr\u00e9ci<br \/>\n\u2022 \u00c9tiquette d\u00e9tachable<br \/>\n\u2022 Bande de propret\u00e9 d&rsquo;\u00e9paule \u00e0 \u00e9paule<br \/>\n\u2022 Couture lat\u00e9rale<\/p>\n","protected":false},"excerpt":{"rendered":"<p>Tshirt RAFALE Marseille \u00ab\u00a0Vice City\u00a0\u00bb<\/p>\n","protected":false},"featured_media":63,"comment_status":"closed","ping_status":"closed","template":"","meta":[],"product_brand":[],"product_cat":[27],"product_tag":[28,32,36],"class_list":{"0":"post-47","1":"product","2":"type-product","3":"status-publish","4":"has-post-thumbnail","6":"product_cat-mars-city","7":"product_tag-marseille","8":"product_tag-rafale-marseille","9":"product_tag-vice-city","11":"first","12":"instock","13":"shipping-taxable","14":"purchasable","15":"product-type-variable","16":"has-default-attributes"},"_links":{"self":[{"href":"https:\/\/rafalemarseille.com\/index.php\/wp-json\/wp\/v2\/product\/47","targetHints":{"allow":["GET"]}}],"collection":[{"href":"https:\/\/rafalemarseille.com\/index.php\/wp-json\/wp\/v2\/product"}],"about":[{"href":"https:\/\/rafalemarseille.com\/index.php\/wp-json\/wp\/v2\/types\/product"}],"replies":[{"embeddable":true,"href":"https:\/\/rafalemarseille.com\/index.php\/wp-json\/wp\/v2\/comments?post=47"}],"wp:featuredmedia":[{"embeddable":true,"href":"https:\/\/rafalemarseille.com\/index.php\/wp-json\/wp\/v2\/media\/63"}],"wp:attachment":[{"href":"https:\/\/rafalemarseille.com\/index.php\/wp-json\/wp\/v2\/media?parent=47"}],"wp:term":[{"taxonomy":"product_brand","embeddable":true,"href":"https:\/\/rafalemarseille.com\/index.php\/wp-json\/wp\/v2\/product_brand?post=47"},{"taxonomy":"product_cat","embeddable":true,"href":"https:\/\/rafalemarseille.com\/index.php\/wp-json\/wp\/v2\/product_cat?post=47"},{"taxonomy":"product_tag","embeddable":true,"href":"https:\/\/rafalemarseille.com\/index.php\/wp-json\/wp\/v2\/product_tag?post=47"}],"curies":[{"name":"wp","href":"https:\/\/api.w.org\/{rel}","templated":true}]}}