{"id":346,"date":"2020-11-28T15:54:17","date_gmt":"2020-11-28T14:54:17","guid":{"rendered":"https:\/\/rafalemarseille.com\/produit\/hoodie-rafale-marseille-organise\/"},"modified":"2020-11-28T15:54:17","modified_gmt":"2020-11-28T14:54:17","slug":"hoodie-rafale-marseille-organise","status":"publish","type":"product","link":"https:\/\/rafalemarseille.com\/index.php\/produit\/hoodie-rafale-marseille-organise\/","title":{"rendered":"Hoodie RAFALE Marseille ORGANIS\u00c9"},"content":{"rendered":"<p>Tout le monde a besoin d&rsquo;un sweat pr\u00e9f\u00e9r\u00e9 et confortable dans lequel se lover. Alors optez pour un sweat doux, chic et douillet. Parfait \u00e9galement pour les soir\u00e9es plus fra\u00eeches !<\/p>\n<p>\u2022 50 % coton \/ 50 % polyester<br \/>\n\u2022 Boulochage r\u00e9duit et fil\u00e9 \u00e0 jet d\u2019air pour un toucher doux<br \/>\n\u2022 Capuche doubl\u00e9e<br \/>\n\u2022 Poignets et ceinture en tricot c\u00f4tel\u00e9 athl\u00e9tique 1\u00d71, avec \u00e9lasthanne<br \/>\n\u2022 Cousu enti\u00e8rement \u00e0 double aiguille<br \/>\n\u2022 Poche avant<\/p>\n","protected":false},"excerpt":{"rendered":"<p>Sweat \u00e0 capuche RAFALE Marseille, \u00ab\u00a0Marseille Organis\u00e9\u00a0\u00bb.<\/p>\n","protected":false},"featured_media":354,"comment_status":"closed","ping_status":"closed","template":"","meta":[],"product_brand":[],"product_cat":[23],"product_tag":[18,19,28,32],"class_list":{"0":"post-346","1":"product","2":"type-product","3":"status-publish","4":"has-post-thumbnail","6":"product_cat-classics","7":"product_tag-13-organise","8":"product_tag-bande-organisee","9":"product_tag-marseille","10":"product_tag-rafale-marseille","12":"first","13":"instock","14":"shipping-taxable","15":"purchasable","16":"product-type-variable","17":"has-default-attributes"},"_links":{"self":[{"href":"https:\/\/rafalemarseille.com\/index.php\/wp-json\/wp\/v2\/product\/346","targetHints":{"allow":["GET"]}}],"collection":[{"href":"https:\/\/rafalemarseille.com\/index.php\/wp-json\/wp\/v2\/product"}],"about":[{"href":"https:\/\/rafalemarseille.com\/index.php\/wp-json\/wp\/v2\/types\/product"}],"replies":[{"embeddable":true,"href":"https:\/\/rafalemarseille.com\/index.php\/wp-json\/wp\/v2\/comments?post=346"}],"wp:featuredmedia":[{"embeddable":true,"href":"https:\/\/rafalemarseille.com\/index.php\/wp-json\/wp\/v2\/media\/354"}],"wp:attachment":[{"href":"https:\/\/rafalemarseille.com\/index.php\/wp-json\/wp\/v2\/media?parent=346"}],"wp:term":[{"taxonomy":"product_brand","embeddable":true,"href":"https:\/\/rafalemarseille.com\/index.php\/wp-json\/wp\/v2\/product_brand?post=346"},{"taxonomy":"product_cat","embeddable":true,"href":"https:\/\/rafalemarseille.com\/index.php\/wp-json\/wp\/v2\/product_cat?post=346"},{"taxonomy":"product_tag","embeddable":true,"href":"https:\/\/rafalemarseille.com\/index.php\/wp-json\/wp\/v2\/product_tag?post=346"}],"curies":[{"name":"wp","href":"https:\/\/api.w.org\/{rel}","templated":true}]}}