{"id":279,"date":"2020-10-09T23:12:48","date_gmt":"2020-10-09T21:12:48","guid":{"rendered":"https:\/\/rafalemarseille.com\/produit\/sweat-rafale-marseille-city-unisexe\/"},"modified":"2020-10-09T23:12:48","modified_gmt":"2020-10-09T21:12:48","slug":"sweat-rafale-marseille-city-unisexe","status":"publish","type":"product","link":"https:\/\/rafalemarseille.com\/index.php\/produit\/sweat-rafale-marseille-city-unisexe\/","title":{"rendered":"Sweat RAFALE Marseille City Unisexe"},"content":{"rendered":"<p>Un sweat-shirt robuste et chaud qui vous gardera au chaud pendant les mois les plus froids. Pull classique pr\u00e9-r\u00e9tr\u00e9ci fil\u00e9 \u00e0 jet d\u2019air pour un toucher doux.<\/p>\n<p>\u2022 50 % coton, 50 % polyester<br \/>\n\u2022 Pr\u00e9-r\u00e9tr\u00e9ci<br \/>\n\u2022 Coupe classique<br \/>\n\u2022 Col en tricot c\u00f4tel\u00e9 athl\u00e9tique avec \u00e9lasthanne<br \/>\n\u2022 Toucher doux et peluchage r\u00e9duit<br \/>\n\u2022 Col, \u00e9paules, emmanchures, poignets et ourlet cousus \u00e0 aiguille double<\/p>\n","protected":false},"excerpt":{"rendered":"<p>Sweat RAFALE Marseille \u00ab\u00a0Vice City\u00a0\u00bb<\/p>\n","protected":false},"featured_media":287,"comment_status":"closed","ping_status":"closed","template":"","meta":[],"product_brand":[],"product_cat":[27],"product_tag":[28,32,34,36],"class_list":{"0":"post-279","1":"product","2":"type-product","3":"status-publish","4":"has-post-thumbnail","6":"product_cat-mars-city","7":"product_tag-marseille","8":"product_tag-rafale-marseille","9":"product_tag-sweat","10":"product_tag-vice-city","12":"first","13":"instock","14":"shipping-taxable","15":"purchasable","16":"product-type-variable","17":"has-default-attributes"},"_links":{"self":[{"href":"https:\/\/rafalemarseille.com\/index.php\/wp-json\/wp\/v2\/product\/279","targetHints":{"allow":["GET"]}}],"collection":[{"href":"https:\/\/rafalemarseille.com\/index.php\/wp-json\/wp\/v2\/product"}],"about":[{"href":"https:\/\/rafalemarseille.com\/index.php\/wp-json\/wp\/v2\/types\/product"}],"replies":[{"embeddable":true,"href":"https:\/\/rafalemarseille.com\/index.php\/wp-json\/wp\/v2\/comments?post=279"}],"wp:featuredmedia":[{"embeddable":true,"href":"https:\/\/rafalemarseille.com\/index.php\/wp-json\/wp\/v2\/media\/287"}],"wp:attachment":[{"href":"https:\/\/rafalemarseille.com\/index.php\/wp-json\/wp\/v2\/media?parent=279"}],"wp:term":[{"taxonomy":"product_brand","embeddable":true,"href":"https:\/\/rafalemarseille.com\/index.php\/wp-json\/wp\/v2\/product_brand?post=279"},{"taxonomy":"product_cat","embeddable":true,"href":"https:\/\/rafalemarseille.com\/index.php\/wp-json\/wp\/v2\/product_cat?post=279"},{"taxonomy":"product_tag","embeddable":true,"href":"https:\/\/rafalemarseille.com\/index.php\/wp-json\/wp\/v2\/product_tag?post=279"}],"curies":[{"name":"wp","href":"https:\/\/api.w.org\/{rel}","templated":true}]}}