{"id":266,"date":"2020-10-14T21:16:25","date_gmt":"2020-10-14T19:16:25","guid":{"rendered":"https:\/\/rafalemarseille.com\/produit\/cache-cou\/"},"modified":"2020-10-14T21:16:25","modified_gmt":"2020-10-14T19:16:25","slug":"cache-cou","status":"publish","type":"product","link":"https:\/\/rafalemarseille.com\/index.php\/produit\/cache-cou\/","title":{"rendered":"Cache cou RAFALE"},"content":{"rendered":"<p>Ce cache cou est un accessoire pratique qui peut \u00eatre utilis\u00e9 comme couvre visage, bandeau, bandana, bracelet et cache cou. Am\u00e9liorez votre set d\u2019accessoires et trouvez un masque de protection pour chacune de vos tenues.<br \/>\n\u2022 95 % polyester, 5 % \u00e9lasthanne (la composition du tissu peut varier de 1 %)<br \/>\n\u2022 Poids du tissu : 210 g\/m\u00b2 (6,19 oz\/yd\u00b2)<br \/>\n\u2022 Tissu respirant<br \/>\n\u2022 Lavable et r\u00e9utilisable<br \/>\n\u2022 Tissu extensible dans les quatre sens qui s\u2019\u00e9tire et se redresse dans tous les sens<br \/>\n\u2022 Taille unique<br \/>\n\u2022 Imprim\u00e9 sur un c\u00f4t\u00e9, le verso est vierge<\/p>\n","protected":false},"excerpt":{"rendered":"<p>Cache cou RAFALE Marseille Classic<\/p>\n","protected":false},"featured_media":267,"comment_status":"closed","ping_status":"closed","template":"","meta":[],"product_brand":[],"product_cat":[23],"product_tag":[21,28,32],"class_list":{"0":"post-266","1":"product","2":"type-product","3":"status-publish","4":"has-post-thumbnail","6":"product_cat-classics","7":"product_tag-cache-cou","8":"product_tag-marseille","9":"product_tag-rafale-marseille","11":"first","12":"instock","13":"shipping-taxable","14":"purchasable","15":"product-type-simple"},"_links":{"self":[{"href":"https:\/\/rafalemarseille.com\/index.php\/wp-json\/wp\/v2\/product\/266","targetHints":{"allow":["GET"]}}],"collection":[{"href":"https:\/\/rafalemarseille.com\/index.php\/wp-json\/wp\/v2\/product"}],"about":[{"href":"https:\/\/rafalemarseille.com\/index.php\/wp-json\/wp\/v2\/types\/product"}],"replies":[{"embeddable":true,"href":"https:\/\/rafalemarseille.com\/index.php\/wp-json\/wp\/v2\/comments?post=266"}],"wp:featuredmedia":[{"embeddable":true,"href":"https:\/\/rafalemarseille.com\/index.php\/wp-json\/wp\/v2\/media\/267"}],"wp:attachment":[{"href":"https:\/\/rafalemarseille.com\/index.php\/wp-json\/wp\/v2\/media?parent=266"}],"wp:term":[{"taxonomy":"product_brand","embeddable":true,"href":"https:\/\/rafalemarseille.com\/index.php\/wp-json\/wp\/v2\/product_brand?post=266"},{"taxonomy":"product_cat","embeddable":true,"href":"https:\/\/rafalemarseille.com\/index.php\/wp-json\/wp\/v2\/product_cat?post=266"},{"taxonomy":"product_tag","embeddable":true,"href":"https:\/\/rafalemarseille.com\/index.php\/wp-json\/wp\/v2\/product_tag?post=266"}],"curies":[{"name":"wp","href":"https:\/\/api.w.org\/{rel}","templated":true}]}}