{"id":196,"date":"2020-10-14T21:15:38","date_gmt":"2020-10-14T19:15:38","guid":{"rendered":"https:\/\/rafalemarseille.com\/produit\/sweat-a-capuche-unisexe\/"},"modified":"2020-10-14T21:15:38","modified_gmt":"2020-10-14T19:15:38","slug":"hoodie-classic-allover","status":"publish","type":"product","link":"https:\/\/rafalemarseille.com\/index.php\/produit\/hoodie-classic-allover\/","title":{"rendered":"Hoodie RAFALE Classic All Over"},"content":{"rendered":"<p>Ce sweat \u00e0 capuche unisexe confortable poss\u00e8de un ext\u00e9rieur doux avec un imprim\u00e9 \u00e9clatant et une polaire bross\u00e9e encore plus douce \u00e0 l&rsquo;int\u00e9rieur. Parfait pour les soir\u00e9es fra\u00eeches !<\/p>\n<p>\u2022 70 % polyester, 27 % coton, 3 % \u00e9lasthanne<br \/>\n\u2022 Poids du tissu: 300 g \/ m\u00b2 (8,85 oz \/ yd\u00b2)<br \/>\n\u2022 Tissu en coton doux au toucher<br \/>\n\u2022 Polaire bross\u00e9e \u00e0 l&rsquo;int\u00e9rieur<br \/>\n\u2022 Capuche doubl\u00e9e avec motif des deux c\u00f4t\u00e9s<br \/>\n\u2022 Style unisexe<br \/>\n\u2022 Coutures surjet\u00e9es<br \/>\n\u2022 Livr\u00e9 avec les cordons<\/p>\n","protected":false},"excerpt":{"rendered":"<p>Hoodie RAFALE Marseille Classic All Over<\/p>\n","protected":false},"featured_media":202,"comment_status":"closed","ping_status":"closed","template":"","meta":[],"product_brand":[],"product_cat":[23],"product_tag":[25,28,32],"class_list":{"0":"post-196","1":"product","2":"type-product","3":"status-publish","4":"has-post-thumbnail","6":"product_cat-classics","7":"product_tag-hoodie","8":"product_tag-marseille","9":"product_tag-rafale-marseille","11":"first","12":"instock","13":"shipping-taxable","14":"purchasable","15":"product-type-variable","16":"has-default-attributes"},"_links":{"self":[{"href":"https:\/\/rafalemarseille.com\/index.php\/wp-json\/wp\/v2\/product\/196","targetHints":{"allow":["GET"]}}],"collection":[{"href":"https:\/\/rafalemarseille.com\/index.php\/wp-json\/wp\/v2\/product"}],"about":[{"href":"https:\/\/rafalemarseille.com\/index.php\/wp-json\/wp\/v2\/types\/product"}],"replies":[{"embeddable":true,"href":"https:\/\/rafalemarseille.com\/index.php\/wp-json\/wp\/v2\/comments?post=196"}],"wp:featuredmedia":[{"embeddable":true,"href":"https:\/\/rafalemarseille.com\/index.php\/wp-json\/wp\/v2\/media\/202"}],"wp:attachment":[{"href":"https:\/\/rafalemarseille.com\/index.php\/wp-json\/wp\/v2\/media?parent=196"}],"wp:term":[{"taxonomy":"product_brand","embeddable":true,"href":"https:\/\/rafalemarseille.com\/index.php\/wp-json\/wp\/v2\/product_brand?post=196"},{"taxonomy":"product_cat","embeddable":true,"href":"https:\/\/rafalemarseille.com\/index.php\/wp-json\/wp\/v2\/product_cat?post=196"},{"taxonomy":"product_tag","embeddable":true,"href":"https:\/\/rafalemarseille.com\/index.php\/wp-json\/wp\/v2\/product_tag?post=196"}],"curies":[{"name":"wp","href":"https:\/\/api.w.org\/{rel}","templated":true}]}}