{"id":103,"date":"2020-10-10T22:14:36","date_gmt":"2020-10-10T20:14:36","guid":{"rendered":"https:\/\/rafalemarseille.com\/produit\/t-shirt-rafale-vintage-uzi\/"},"modified":"2025-10-11T13:55:42","modified_gmt":"2025-10-11T13:55:42","slug":"t-shirt-rafale-vintage-uzi","status":"publish","type":"product","link":"https:\/\/rafalemarseille.com\/index.php\/produit\/t-shirt-rafale-vintage-uzi\/","title":{"rendered":"T-shirt RAFALE Vintage Uzi Unisexe"},"content":{"rendered":"<p>Le coton m\u00e9lang\u00e9 cr\u00e9e un look vintage et ajust\u00e9. Et, gr\u00e2ce \u00e0 son extr\u00eame durabilit\u00e9, ce T-shirt r\u00e9siste aux lavages r\u00e9p\u00e9t\u00e9s tout en restant super confortable.<\/p>\n<p>\u2022 Coton m\u00e9lang\u00e9 (50\u00a0% polyester \/ 25\u00a0% coton peign\u00e9 et fil\u00e9 \u00e0 l&rsquo;anneau \/ 25\u00a0% rayonne)<br \/>\n\u2022 Tissu pr\u00e9-r\u00e9tr\u00e9ci<br \/>\n\u2022 Confortable et durable<br \/>\n\u2022 Coupe contemporaine<br \/>\n\u2022 L\u00e9ger<\/p>\n","protected":false},"excerpt":{"rendered":"<p>T-shirt RAFALE Marseille \u00ab\u00a0Vintage Uzi\u00a0\u00bb<\/p>\n","protected":false},"featured_media":109,"comment_status":"closed","ping_status":"closed","template":"","meta":[],"product_brand":[],"product_cat":[37],"product_tag":[28,32,38],"class_list":{"0":"post-103","1":"product","2":"type-product","3":"status-publish","4":"has-post-thumbnail","6":"product_cat-vintage","7":"product_tag-marseille","8":"product_tag-rafale-marseille","9":"product_tag-vintage","11":"first","12":"instock","13":"shipping-taxable","14":"purchasable","15":"product-type-variable","16":"has-default-attributes"},"_links":{"self":[{"href":"https:\/\/rafalemarseille.com\/index.php\/wp-json\/wp\/v2\/product\/103","targetHints":{"allow":["GET"]}}],"collection":[{"href":"https:\/\/rafalemarseille.com\/index.php\/wp-json\/wp\/v2\/product"}],"about":[{"href":"https:\/\/rafalemarseille.com\/index.php\/wp-json\/wp\/v2\/types\/product"}],"replies":[{"embeddable":true,"href":"https:\/\/rafalemarseille.com\/index.php\/wp-json\/wp\/v2\/comments?post=103"}],"wp:featuredmedia":[{"embeddable":true,"href":"https:\/\/rafalemarseille.com\/index.php\/wp-json\/wp\/v2\/media\/109"}],"wp:attachment":[{"href":"https:\/\/rafalemarseille.com\/index.php\/wp-json\/wp\/v2\/media?parent=103"}],"wp:term":[{"taxonomy":"product_brand","embeddable":true,"href":"https:\/\/rafalemarseille.com\/index.php\/wp-json\/wp\/v2\/product_brand?post=103"},{"taxonomy":"product_cat","embeddable":true,"href":"https:\/\/rafalemarseille.com\/index.php\/wp-json\/wp\/v2\/product_cat?post=103"},{"taxonomy":"product_tag","embeddable":true,"href":"https:\/\/rafalemarseille.com\/index.php\/wp-json\/wp\/v2\/product_tag?post=103"}],"curies":[{"name":"wp","href":"https:\/\/api.w.org\/{rel}","templated":true}]}}